{"id":1807,"date":"2021-07-31T11:09:14","date_gmt":"2021-07-31T14:09:14","guid":{"rendered":"https:\/\/carolinecavet.adv.br\/?page_id=1807"},"modified":"2021-09-20T13:05:05","modified_gmt":"2021-09-20T16:05:05","slug":"novidades","status":"publish","type":"page","link":"https:\/\/carolinecavet.adv.br\/index.php\/novidades\/","title":{"rendered":"Conte\u00fado"},"content":{"rendered":"<p>[vc_row][vc_column]<div class=\"blog blog-style-justified-3x justified-style-1 inline-row clearfix item-animation-move-up\" data-next-page=\"0\">\n<article id=\"post-2017\" class=\"col-lg-4 col-md-4 col-sm-6 col-xs-6 inline-column item-animations-not-inited post-2017 post type-post status-publish format-standard has-post-thumbnail category-ambiental\"> <div class=\"post-content-wrapper\" style=\"\"> <div class=\"post-image\"><div class=\"post-featured-content\"><a href=\"https:\/\/carolinecavet.adv.br\/index.php\/2022\/02\/03\/no-migalhas-sobre-a-tragedia-de-capitolio\/\"> <picture> <source srcset=\"https:\/\/carolinecavet.adv.br\/wp-content\/uploads\/2022\/02\/Img-thegem-blog-justified.jpeg 1x, https:\/\/carolinecavet.adv.br\/wp-content\/uploads\/2022\/02\/Img-thegem-blog-justified.jpeg 2x\" media=\"(max-width: 992px)\" sizes=\"100vw\"> <source srcset=\"https:\/\/carolinecavet.adv.br\/wp-content\/uploads\/2022\/02\/Img-thegem-blog-justified-3x-small.jpeg 1x, https:\/\/carolinecavet.adv.br\/wp-content\/uploads\/2022\/02\/Img-thegem-blog-justified.jpeg 2x\" media=\"(max-width: 1100px)\" sizes=\"100vw\"> <source srcset=\"https:\/\/carolinecavet.adv.br\/wp-content\/uploads\/2022\/02\/Img-thegem-blog-justified-3x.jpeg 1x, https:\/\/carolinecavet.adv.br\/wp-content\/uploads\/2022\/02\/Img-thegem-blog-justified.jpeg 2x\" media=\"(max-width: 1920px)\" sizes=\"100vw\"> <img decoding=\"async\" src=\"https:\/\/carolinecavet.adv.br\/wp-content\/uploads\/2022\/02\/Img-thegem-blog-justified.jpeg\" width=\"640\" height=\"480\" class=\"img-responsive\" alt=\"Img\" \/> <\/picture> <\/a><\/div><\/div> <div class=\"description\"> <div class=\"post-meta-conteiner\"> <div class=\"post-meta-right\"> <\/div> <\/div> <div class=\"post-title\"> <div class=\"entry-title title-h4\"><a href=\"https:\/\/carolinecavet.adv.br\/index.php\/2022\/02\/03\/no-migalhas-sobre-a-tragedia-de-capitolio\/\" rel=\"bookmark\"><span class=\"light\">No Migalhas, sobre a trag\u00e9dia de Capit\u00f3lio<\/span><\/a><\/div> <\/div> <div class=\"post-text\"> <div class=\"summary\"> <p>No Migalhas, Caroline Cavet junto com Romualdo Baptista dos Santos,&nbsp; comentam sobre a evolu\u00e7\u00e3o do fen\u00f4meno danoso ao longo da&#8230;<\/p> <\/div> <\/div> <div class=\"info clearfix\"> <div class=\"post-footer-sharing\"><div class=\"gem-button-container gem-button-position-inline\"><a class=\"gem-button gem-button-size-tiny gem-button-style-flat gem-button-text-weight-normal gem-button-empty\" style=\"border-radius: 3px;\" onmouseleave=\"\" onmouseenter=\"\" href=\"#\" target=\"_self\"><i class=\"gem-print-icon gem-icon-pack-thegem-icons gem-icon-share\"><\/i><\/a><\/div> <div class=\"sharing-popup\"> <div class=\"socials-sharing socials socials-colored-hover \"> <a class=\"socials-item\" target=\"_blank\" href=\"https:\/\/www.facebook.com\/sharer\/sharer.php?u=https%3A%2F%2Fcarolinecavet.adv.br%2Findex.php%2F2022%2F02%2F03%2Fno-migalhas-sobre-a-tragedia-de-capitolio%2F\" title=\"Facebook\"><i class=\"socials-item-icon facebook\"><\/i><\/a> <a class=\"socials-item\" target=\"_blank\" href=\"https:\/\/twitter.com\/intent\/tweet?text=No+Migalhas%2C+sobre+a+trag%C3%A9dia+de+Capit%C3%B3lio&#038;url=https%3A%2F%2Fcarolinecavet.adv.br%2Findex.php%2F2022%2F02%2F03%2Fno-migalhas-sobre-a-tragedia-de-capitolio%2F\" title=\"Twitter\"><i class=\"socials-item-icon twitter\"><\/i><\/a> <a class=\"socials-item\" target=\"_blank\" href=\"https:\/\/pinterest.com\/pin\/create\/button\/?url=https%3A%2F%2Fcarolinecavet.adv.br%2Findex.php%2F2022%2F02%2F03%2Fno-migalhas-sobre-a-tragedia-de-capitolio%2F&#038;description=No+Migalhas%2C+sobre+a+trag%C3%A9dia+de+Capit%C3%B3lio&#038;media=https%3A%2F%2Fcarolinecavet.adv.br%2Fwp-content%2Fuploads%2F2022%2F02%2FImg-thegem-blog-timeline-large.jpeg\" title=\"Pinterest\"><i class=\"socials-item-icon pinterest\"><\/i><\/a> <a class=\"socials-item\" target=\"_blank\" href=\"http:\/\/tumblr.com\/widgets\/share\/tool?canonicalUrl=https%3A%2F%2Fcarolinecavet.adv.br%2Findex.php%2F2022%2F02%2F03%2Fno-migalhas-sobre-a-tragedia-de-capitolio%2F\" title=\"Tumblr\"><i class=\"socials-item-icon tumblr\"><\/i><\/a> <a class=\"socials-item\" target=\"_blank\" href=\"https:\/\/www.linkedin.com\/shareArticle?mini=true&#038;url=https%3A%2F%2Fcarolinecavet.adv.br%2Findex.php%2F2022%2F02%2F03%2Fno-migalhas-sobre-a-tragedia-de-capitolio%2F&#038;title=No+Migalhas%2C+sobre+a+trag%C3%A9dia+de+Capit%C3%B3lio&amp;summary=No+Migalhas%2C+Caroline+Cavet+junto+com+Romualdo+Baptista+dos+Santos%2C%26nbsp%3B+comentam+sobre+a+evolu%C3%A7%C3%A3o+do+fen%C3%B4meno+danoso+ao+longo+da...\" title=\"LinkedIn\"><i class=\"socials-item-icon linkedin\"><\/i><\/a> <a class=\"socials-item\" target=\"_blank\" href=\"https:\/\/www.reddit.com\/submit?url=https%3A%2F%2Fcarolinecavet.adv.br%2Findex.php%2F2022%2F02%2F03%2Fno-migalhas-sobre-a-tragedia-de-capitolio%2F&#038;title=No+Migalhas%2C+sobre+a+trag%C3%A9dia+de+Capit%C3%B3lio\" title=\"Reddit\"><i class=\"socials-item-icon reddit\"><\/i><\/a> <\/div> <svg class=\"sharing-styled-arrow\"><use xlink:href=\"https:\/\/carolinecavet.adv.br\/wp-content\/themes\/thegem\/css\/post-arrow.svg#dec-post-arrow\"><\/use><\/svg><\/div><\/div> <div class=\"post-read-more\"><div class=\"gem-button-container gem-button-position-inline\"><a class=\"gem-button gem-button-size-tiny gem-button-style-outline gem-button-text-weight-normal gem-button-border-2\" style=\"border-radius: 3px;\" onmouseleave=\"\" onmouseenter=\"\" href=\"https:\/\/carolinecavet.adv.br\/index.php\/2022\/02\/03\/no-migalhas-sobre-a-tragedia-de-capitolio\/\" target=\"_self\">Leia Mais<\/a><\/div> <\/div> <\/div> <\/div> <\/div>\n<\/article> <article id=\"post-1990\" class=\"col-lg-4 col-md-4 col-sm-6 col-xs-6 inline-column item-animations-not-inited post-1990 post type-post status-publish format-standard has-post-thumbnail category-medico-e-da-saude tag-cirurgiao-dentista tag-direito-da-saude tag-direito-odontologico\"> <div class=\"post-content-wrapper\" style=\"\"> <div class=\"post-image\"><div class=\"post-featured-content\"><a href=\"https:\/\/carolinecavet.adv.br\/index.php\/2021\/10\/25\/dia-nacional-do-cirurgiao-dentista\/\"> <picture> <source srcset=\"https:\/\/carolinecavet.adv.br\/wp-content\/uploads\/2021\/10\/Medico-2-thegem-blog-justified.png 1x, https:\/\/carolinecavet.adv.br\/wp-content\/uploads\/2021\/10\/Medico-2-thegem-blog-justified.png 2x\" media=\"(max-width: 992px)\" sizes=\"100vw\"> <source srcset=\"https:\/\/carolinecavet.adv.br\/wp-content\/uploads\/2021\/10\/Medico-2-thegem-blog-justified-3x-small.png 1x, https:\/\/carolinecavet.adv.br\/wp-content\/uploads\/2021\/10\/Medico-2-thegem-blog-justified.png 2x\" media=\"(max-width: 1100px)\" sizes=\"100vw\"> <source srcset=\"https:\/\/carolinecavet.adv.br\/wp-content\/uploads\/2021\/10\/Medico-2-thegem-blog-justified-3x.png 1x, https:\/\/carolinecavet.adv.br\/wp-content\/uploads\/2021\/10\/Medico-2-thegem-blog-justified.png 2x\" media=\"(max-width: 1920px)\" sizes=\"100vw\"> <img decoding=\"async\" src=\"https:\/\/carolinecavet.adv.br\/wp-content\/uploads\/2021\/10\/Medico-2-thegem-blog-justified.png\" width=\"640\" height=\"480\" class=\"img-responsive\" alt=\"M\u00e9dico (2)\" \/> <\/picture> <\/a><\/div><\/div> <div class=\"description\"> <div class=\"post-meta-conteiner\"> <div class=\"post-meta-right\"> <\/div> <\/div> <div class=\"post-title\"> <div class=\"entry-title title-h4\"><a href=\"https:\/\/carolinecavet.adv.br\/index.php\/2021\/10\/25\/dia-nacional-do-cirurgiao-dentista\/\" rel=\"bookmark\"><span class=\"light\">Dia Nacional do Cirurgi\u00e3o-Dentista<\/span><\/a><\/div> <\/div> <div class=\"post-text\"> <div class=\"summary\"> <p>Dia 25 de outubro foi oficializado pelo Conselho Federal de Odontologia como o Dia Nacional do(a) Cirurgi\u00e3o-Dentista, que \u00e9 o(a)&#8230;<\/p> <\/div> <\/div> <div class=\"info clearfix\"> <div class=\"post-footer-sharing\"><div class=\"gem-button-container gem-button-position-inline\"><a class=\"gem-button gem-button-size-tiny gem-button-style-flat gem-button-text-weight-normal gem-button-empty\" style=\"border-radius: 3px;\" onmouseleave=\"\" onmouseenter=\"\" href=\"#\" target=\"_self\"><i class=\"gem-print-icon gem-icon-pack-thegem-icons gem-icon-share\"><\/i><\/a><\/div> <div class=\"sharing-popup\"> <div class=\"socials-sharing socials socials-colored-hover \"> <a class=\"socials-item\" target=\"_blank\" href=\"https:\/\/www.facebook.com\/sharer\/sharer.php?u=https%3A%2F%2Fcarolinecavet.adv.br%2Findex.php%2F2021%2F10%2F25%2Fdia-nacional-do-cirurgiao-dentista%2F\" title=\"Facebook\"><i class=\"socials-item-icon facebook\"><\/i><\/a> <a class=\"socials-item\" target=\"_blank\" href=\"https:\/\/twitter.com\/intent\/tweet?text=Dia+Nacional+do+Cirurgi%C3%A3o-Dentista&#038;url=https%3A%2F%2Fcarolinecavet.adv.br%2Findex.php%2F2021%2F10%2F25%2Fdia-nacional-do-cirurgiao-dentista%2F\" title=\"Twitter\"><i class=\"socials-item-icon twitter\"><\/i><\/a> <a class=\"socials-item\" target=\"_blank\" href=\"https:\/\/pinterest.com\/pin\/create\/button\/?url=https%3A%2F%2Fcarolinecavet.adv.br%2Findex.php%2F2021%2F10%2F25%2Fdia-nacional-do-cirurgiao-dentista%2F&#038;description=Dia+Nacional+do+Cirurgi%C3%A3o-Dentista&#038;media=https%3A%2F%2Fcarolinecavet.adv.br%2Fwp-content%2Fuploads%2F2021%2F10%2FMedico-2-thegem-blog-timeline-large.png\" title=\"Pinterest\"><i class=\"socials-item-icon pinterest\"><\/i><\/a> <a class=\"socials-item\" target=\"_blank\" href=\"http:\/\/tumblr.com\/widgets\/share\/tool?canonicalUrl=https%3A%2F%2Fcarolinecavet.adv.br%2Findex.php%2F2021%2F10%2F25%2Fdia-nacional-do-cirurgiao-dentista%2F\" title=\"Tumblr\"><i class=\"socials-item-icon tumblr\"><\/i><\/a> <a class=\"socials-item\" target=\"_blank\" href=\"https:\/\/www.linkedin.com\/shareArticle?mini=true&#038;url=https%3A%2F%2Fcarolinecavet.adv.br%2Findex.php%2F2021%2F10%2F25%2Fdia-nacional-do-cirurgiao-dentista%2F&#038;title=Dia+Nacional+do+Cirurgi%C3%A3o-Dentista&amp;summary=Dia+25+de+outubro+foi+oficializado+pelo+Conselho+Federal+de+Odontologia+como+o+Dia+Nacional+do%28a%29+Cirurgi%C3%A3o-Dentista%2C+que+%C3%A9+o%28a%29...\" title=\"LinkedIn\"><i class=\"socials-item-icon linkedin\"><\/i><\/a> <a class=\"socials-item\" target=\"_blank\" href=\"https:\/\/www.reddit.com\/submit?url=https%3A%2F%2Fcarolinecavet.adv.br%2Findex.php%2F2021%2F10%2F25%2Fdia-nacional-do-cirurgiao-dentista%2F&#038;title=Dia+Nacional+do+Cirurgi%C3%A3o-Dentista\" title=\"Reddit\"><i class=\"socials-item-icon reddit\"><\/i><\/a> <\/div> <svg class=\"sharing-styled-arrow\"><use xlink:href=\"https:\/\/carolinecavet.adv.br\/wp-content\/themes\/thegem\/css\/post-arrow.svg#dec-post-arrow\"><\/use><\/svg><\/div><\/div> <div class=\"post-read-more\"><div class=\"gem-button-container gem-button-position-inline\"><a class=\"gem-button gem-button-size-tiny gem-button-style-outline gem-button-text-weight-normal gem-button-border-2\" style=\"border-radius: 3px;\" onmouseleave=\"\" onmouseenter=\"\" href=\"https:\/\/carolinecavet.adv.br\/index.php\/2021\/10\/25\/dia-nacional-do-cirurgiao-dentista\/\" target=\"_self\">Leia Mais<\/a><\/div> <\/div> <\/div> <\/div> <\/div>\n<\/article> <article id=\"post-1982\" class=\"col-lg-4 col-md-4 col-sm-6 col-xs-6 inline-column item-animations-not-inited post-1982 post type-post status-publish format-standard has-post-thumbnail category-medico-e-da-saude tag-diadomedico tag-direitomedico\"> <div class=\"post-content-wrapper\" style=\"\"> <div class=\"post-image\"><div class=\"post-featured-content\"><a href=\"https:\/\/carolinecavet.adv.br\/index.php\/2021\/10\/18\/18-de-outubro-dia-do-medico\/\"> <picture> <source srcset=\"https:\/\/carolinecavet.adv.br\/wp-content\/uploads\/2021\/10\/Medico-thegem-blog-justified.png 1x, https:\/\/carolinecavet.adv.br\/wp-content\/uploads\/2021\/10\/Medico-thegem-blog-justified.png 2x\" media=\"(max-width: 992px)\" sizes=\"100vw\"> <source srcset=\"https:\/\/carolinecavet.adv.br\/wp-content\/uploads\/2021\/10\/Medico-thegem-blog-justified-3x-small.png 1x, https:\/\/carolinecavet.adv.br\/wp-content\/uploads\/2021\/10\/Medico-thegem-blog-justified.png 2x\" media=\"(max-width: 1100px)\" sizes=\"100vw\"> <source srcset=\"https:\/\/carolinecavet.adv.br\/wp-content\/uploads\/2021\/10\/Medico-thegem-blog-justified-3x.png 1x, https:\/\/carolinecavet.adv.br\/wp-content\/uploads\/2021\/10\/Medico-thegem-blog-justified.png 2x\" media=\"(max-width: 1920px)\" sizes=\"100vw\"> <img decoding=\"async\" src=\"https:\/\/carolinecavet.adv.br\/wp-content\/uploads\/2021\/10\/Medico-thegem-blog-justified.png\" width=\"640\" height=\"480\" class=\"img-responsive\" alt=\"M\u00e9dico\" \/> <\/picture> <\/a><\/div><\/div> <div class=\"description\"> <div class=\"post-meta-conteiner\"> <div class=\"post-meta-right\"> <\/div> <\/div> <div class=\"post-title\"> <div class=\"entry-title title-h4\"><a href=\"https:\/\/carolinecavet.adv.br\/index.php\/2021\/10\/18\/18-de-outubro-dia-do-medico\/\" rel=\"bookmark\"><span class=\"light\">18 de outubro, dia do m\u00e9dico!<\/span><\/a><\/div> <\/div> <div class=\"post-text\"> <div class=\"summary\"> <p>O dia 18 de outubro \u00e9 celebrado anualmente como o Dia do M\u00e9dico. O M\u00e9dico \u00e9 o profissional&nbsp; respons\u00e1vel pela&#8230;<\/p> <\/div> <\/div> <div class=\"info clearfix\"> <div class=\"post-footer-sharing\"><div class=\"gem-button-container gem-button-position-inline\"><a class=\"gem-button gem-button-size-tiny gem-button-style-flat gem-button-text-weight-normal gem-button-empty\" style=\"border-radius: 3px;\" onmouseleave=\"\" onmouseenter=\"\" href=\"#\" target=\"_self\"><i class=\"gem-print-icon gem-icon-pack-thegem-icons gem-icon-share\"><\/i><\/a><\/div> <div class=\"sharing-popup\"> <div class=\"socials-sharing socials socials-colored-hover \"> <a class=\"socials-item\" target=\"_blank\" href=\"https:\/\/www.facebook.com\/sharer\/sharer.php?u=https%3A%2F%2Fcarolinecavet.adv.br%2Findex.php%2F2021%2F10%2F18%2F18-de-outubro-dia-do-medico%2F\" title=\"Facebook\"><i class=\"socials-item-icon facebook\"><\/i><\/a> <a class=\"socials-item\" target=\"_blank\" href=\"https:\/\/twitter.com\/intent\/tweet?text=18+de+outubro%2C+dia+do+m%C3%A9dico%21&#038;url=https%3A%2F%2Fcarolinecavet.adv.br%2Findex.php%2F2021%2F10%2F18%2F18-de-outubro-dia-do-medico%2F\" title=\"Twitter\"><i class=\"socials-item-icon twitter\"><\/i><\/a> <a class=\"socials-item\" target=\"_blank\" href=\"https:\/\/pinterest.com\/pin\/create\/button\/?url=https%3A%2F%2Fcarolinecavet.adv.br%2Findex.php%2F2021%2F10%2F18%2F18-de-outubro-dia-do-medico%2F&#038;description=18+de+outubro%2C+dia+do+m%C3%A9dico%21&#038;media=https%3A%2F%2Fcarolinecavet.adv.br%2Fwp-content%2Fuploads%2F2021%2F10%2FMedico-thegem-blog-timeline-large.png\" title=\"Pinterest\"><i class=\"socials-item-icon pinterest\"><\/i><\/a> <a class=\"socials-item\" target=\"_blank\" href=\"http:\/\/tumblr.com\/widgets\/share\/tool?canonicalUrl=https%3A%2F%2Fcarolinecavet.adv.br%2Findex.php%2F2021%2F10%2F18%2F18-de-outubro-dia-do-medico%2F\" title=\"Tumblr\"><i class=\"socials-item-icon tumblr\"><\/i><\/a> <a class=\"socials-item\" target=\"_blank\" href=\"https:\/\/www.linkedin.com\/shareArticle?mini=true&#038;url=https%3A%2F%2Fcarolinecavet.adv.br%2Findex.php%2F2021%2F10%2F18%2F18-de-outubro-dia-do-medico%2F&#038;title=18+de+outubro%2C+dia+do+m%C3%A9dico%21&amp;summary=O+dia+18+de+outubro+%C3%A9+celebrado+anualmente+como+o+Dia+do+M%C3%A9dico.+O+M%C3%A9dico+%C3%A9+o+profissional%26nbsp%3B+respons%C3%A1vel+pela...\" title=\"LinkedIn\"><i class=\"socials-item-icon linkedin\"><\/i><\/a> <a class=\"socials-item\" target=\"_blank\" href=\"https:\/\/www.reddit.com\/submit?url=https%3A%2F%2Fcarolinecavet.adv.br%2Findex.php%2F2021%2F10%2F18%2F18-de-outubro-dia-do-medico%2F&#038;title=18+de+outubro%2C+dia+do+m%C3%A9dico%21\" title=\"Reddit\"><i class=\"socials-item-icon reddit\"><\/i><\/a> <\/div> <svg class=\"sharing-styled-arrow\"><use xlink:href=\"https:\/\/carolinecavet.adv.br\/wp-content\/themes\/thegem\/css\/post-arrow.svg#dec-post-arrow\"><\/use><\/svg><\/div><\/div> <div class=\"post-read-more\"><div class=\"gem-button-container gem-button-position-inline\"><a class=\"gem-button gem-button-size-tiny gem-button-style-outline gem-button-text-weight-normal gem-button-border-2\" style=\"border-radius: 3px;\" onmouseleave=\"\" onmouseenter=\"\" href=\"https:\/\/carolinecavet.adv.br\/index.php\/2021\/10\/18\/18-de-outubro-dia-do-medico\/\" target=\"_self\">Leia Mais<\/a><\/div> <\/div> <\/div> <\/div> <\/div>\n<\/article>\n<\/div>[\/vc_column][\/vc_row]<\/p>\n","protected":false},"excerpt":{"rendered":"<p>[vc_row][vc_column][\/vc_column][\/vc_row]<\/p>\n","protected":false},"author":1,"featured_media":0,"parent":0,"menu_order":0,"comment_status":"closed","ping_status":"closed","template":"","meta":{"footnotes":""},"class_list":["post-1807","page","type-page","status-publish"],"_links":{"self":[{"href":"https:\/\/carolinecavet.adv.br\/index.php\/wp-json\/wp\/v2\/pages\/1807"}],"collection":[{"href":"https:\/\/carolinecavet.adv.br\/index.php\/wp-json\/wp\/v2\/pages"}],"about":[{"href":"https:\/\/carolinecavet.adv.br\/index.php\/wp-json\/wp\/v2\/types\/page"}],"author":[{"embeddable":true,"href":"https:\/\/carolinecavet.adv.br\/index.php\/wp-json\/wp\/v2\/users\/1"}],"replies":[{"embeddable":true,"href":"https:\/\/carolinecavet.adv.br\/index.php\/wp-json\/wp\/v2\/comments?post=1807"}],"version-history":[{"count":4,"href":"https:\/\/carolinecavet.adv.br\/index.php\/wp-json\/wp\/v2\/pages\/1807\/revisions"}],"predecessor-version":[{"id":1970,"href":"https:\/\/carolinecavet.adv.br\/index.php\/wp-json\/wp\/v2\/pages\/1807\/revisions\/1970"}],"wp:attachment":[{"href":"https:\/\/carolinecavet.adv.br\/index.php\/wp-json\/wp\/v2\/media?parent=1807"}],"curies":[{"name":"wp","href":"https:\/\/api.w.org\/{rel}","templated":true}]}}