{"id":447,"date":"2018-09-28T12:14:22","date_gmt":"2018-09-28T09:14:22","guid":{"rendered":"http:\/\/democontent.codex-themes.com\/sites\/law-company\/news-page-2\/"},"modified":"2023-11-01T10:47:56","modified_gmt":"2023-11-01T13:47:56","slug":"o-escritorio","status":"publish","type":"page","link":"https:\/\/carolinecavet.adv.br\/index.php\/o-escritorio\/","title":{"rendered":"Escrit\u00f3rio"},"content":{"rendered":"<p>[vc_row full_width=&#8221;stretch_row&#8221; css=&#8221;.vc_custom_1538130488630{margin-top: 0px !important;margin-bottom: 0px !important;padding-top: 120px !important;padding-bottom: 120px !important;background-color: #f1f2f4 !important;}&#8221;][vc_column offset=&#8221;vc_col-lg-6 vc_col-md-6 vc_col-xs-12&#8243;][vc_column_text css_animation=&#8221;bottom-to-top&#8221; css=&#8221;.vc_custom_1611604461825{margin-top: 0px !important;margin-bottom: 0px !important;padding-top: 0px !important;padding-bottom: 0px !important;}&#8221;]<\/p>\n<div class=\"title-h3\"><span class=\"light\">Bem-vindo \u00c0<\/span><\/div>\n<p>[\/vc_column_text][vc_column_text css_animation=&#8221;bottom-to-top&#8221; css=&#8221;.vc_custom_1628035802714{margin-top: 0px !important;margin-bottom: 0px !important;padding-top: 0px !important;padding-bottom: 0px !important;}&#8221;]<\/p>\n<div class=\"title-h1\">caroline cavet advocacia<\/div>\n<p>[\/vc_column_text]<div class=\"clearboth\"><\/div><div class=\"gem-divider \" style=\"margin-top: 60px;\"><\/div>[vc_column_text css_animation=&#8221;bottom-to-top&#8221;]<\/p>\n<p style=\"text-align: justify;\">O escrit\u00f3rio Caroline Cavet atua na assessoria e consultoria jur\u00eddica altamente qualificada em Direito M\u00e9dico, Empresarial, Contratos, C\u00edvel, Eleitoral, Digital, Tecnologia e Seguran\u00e7a da Informa\u00e7\u00e3o, entre outras \u00e1reas do direito. O atendimento e as solu\u00e7\u00f5es para os clientes s\u00e3o personalizados e sempre alinhados \u00e0s melhores pr\u00e1ticas na presta\u00e7\u00e3o de servi\u00e7os jur\u00eddicos.<\/p>\n<p style=\"text-align: justify;\">O estilo ousado e contempor\u00e2neo do escrit\u00f3rio reflete uma advocacia empreendedora, inovadora e customizada, atenta \u00e0s transforma\u00e7\u00f5es sociais e tecnol\u00f3gicas. Atua com base na constru\u00e7\u00e3o colaborativa do trabalho jur\u00eddico, prop\u00f5e solu\u00e7\u00f5es eficientes, adequadas, efetivas e de qualidade para a satisfa\u00e7\u00e3o de seus clientes e parceiros.<\/p>\n<p>[\/vc_column_text][\/vc_column][vc_column disable_custom_paddings_tablet=&#8221;true&#8221; disable_custom_paddings_mobile=&#8221;true&#8221; css=&#8221;.vc_custom_1630882368756{margin-left: 0px !important;padding-left: 0px !important;}&#8221; offset=&#8221;vc_col-lg-6 vc_col-md-6 vc_hidden-sm vc_col-xs-12 vc_hidden-xs&#8221;]<div class=\"centered-box gem-image-centered-box\"><div class=\"gem-image gem-wrapbox gem-wrapbox-style-3 gem-wrapbox-position-centered\" style=\"\"><div class=\"gem-wrapbox-inner \" ><img decoding=\"async\" class=\"gem-wrapbox-element img-responsive\" src=\"https:\/\/carolinecavet.adv.br\/wp-content\/uploads\/2021\/07\/DSC08317-2-scaled.jpg\" alt=\"\"\/><\/div><\/div><\/div><div class=\"centered-box gem-image-centered-box\"><div class=\"gem-image gem-wrapbox gem-wrapbox-style-3 gem-wrapbox-position-centered\" style=\"\"><div class=\"gem-wrapbox-inner \" ><img decoding=\"async\" class=\"gem-wrapbox-element img-responsive\" src=\"https:\/\/carolinecavet.adv.br\/wp-content\/uploads\/2021\/01\/WhatsApp-Image-2021-01-24-at-14.05.51-1.jpeg\" alt=\"\"\/><\/div><\/div><\/div>[\/vc_column][\/vc_row][vc_row full_width=&#8221;stretch_row_content&#8221; equal_height=&#8221;yes&#8221; content_placement=&#8221;middle&#8221; css=&#8221;.vc_custom_1538132322303{margin-top: 0px !important;margin-bottom: 0px !important;padding-top: 0px !important;padding-bottom: 0px !important;}&#8221;][vc_column css=&#8221;.vc_custom_1540472569121{margin-top: 0px !important;margin-bottom: 0px !important;padding-top: 90px !important;padding-bottom: 0px !important;}&#8221; offset=&#8221;vc_col-lg-6 vc_col-md-12 vc_col-xs-12&#8243;][vc_column_text css_animation=&#8221;bottom-to-top&#8221; css=&#8221;.vc_custom_1611519174778{padding-left: 30px !important;}&#8221;]<\/p>\n<div class=\"title-h2\">quem \u00e9 a fundadora?<\/div>\n<p>[\/vc_column_text][vc_column_text css_animation=&#8221;bottom-to-top&#8221; css=&#8221;.vc_custom_1698846399040{padding-left: 30px !important;}&#8221;]<strong>Caroline Cavet<\/strong><\/p>\n<p style=\"text-align: justify;\">Advogada, empreendedora, de atitude din\u00e2mica e acolhedora, gosta de fazer do seu trabalho uma iniciativa transformadora para a vida das pessoas.<\/p>\n<p style=\"text-align: justify;\">Formada em Direito e p\u00f3s-graduada em direito civil e empresarial pela Pontif\u00edcia Universidade Cat\u00f3lica do Paran\u00e1 (PUCPR) e em Direito M\u00e9dico pelo Centro Universit\u00e1rio Curitiba (UNICURITIBA), continua a se dedicar no ambiente acad\u00eamico como p\u00f3s-graduanda\u00a0 em Direito da Medicina na Faculdade de Direito da Universidade de Coimbra &#8211; Portugal.<\/p>\n<p style=\"text-align: justify;\">Atualmente, \u00e9 Vogal na Junta Comercial do Paran\u00e1, Conselheira do Conselho de Consumidores da Copel, Presidente da Comiss\u00e3o de Juizados Especiais da OAB\/PR e Coordenadora do Comit\u00ea de Meio Ambiente da Business Professional Woman de Curitiba.<\/p>\n<p style=\"text-align: justify;\">Destaca entre suas experi\u00eancias profissionais a atua\u00e7\u00e3o como Membro da Comiss\u00e3o de Leiloeiros da Junta Comercial do Paran\u00e1 e da Junta Administrativa de Recursos de Infra\u00e7\u00f5es (Jari)<em>; <\/em>\u00a0Secret\u00e1ria da Comiss\u00e3o de Responsabilidade Civil da OAB\/PR, Membro das\u00a0 Comiss\u00f5es do Pacto Global, de Direito \u00e0 Sa\u00fade e na de Inova\u00e7\u00e3o e Gest\u00e3o da OAB\/PR.<\/p>\n<p style=\"text-align: justify;\">Desde 2018, possui uma participa\u00e7\u00e3o muito ativa no grupo de estudos de Direito M\u00e9dico e Empresas de Sa\u00fade, no qual desenvolve pesquisa cient\u00edfica e escreve sobre responsabilidade civil, direito m\u00e9dico e novas tecnologias. \u00c9 colaboradora em um trabalho disruptivo, coordenado pelo Professor Miguel Kfouri Neto \u2013 desembargador, ex-presidente do Tribunal de Justi\u00e7a do Paran\u00e1 e uma das maiores autoridades no Brasil do Direito M\u00e9dico \u2013, que ter\u00e1 uma grande marca no desenvolvimento no pa\u00eds.<\/p>\n<p style=\"text-align: justify;\">Por sua caracter\u00edstica humanista, realiza trabalhos de natureza volunt\u00e1ria na <a href=\"https:\/\/www.facebook.com\/pontoscomamorcwb\/\">Pontos com Amor<\/a>, uma associa\u00e7\u00e3o que promove a sustentabilidade\u00a0 desenvolvimento social por meio da inclus\u00e3o.<\/p>\n<p class=\"LO-normal\" style=\"margin-top: 12.0pt; text-align: justify; line-height: normal;\"><span lang=\"EN-US\" style=\"font-size: 12.0pt;\">Todas essas viv\u00eancias revelam uma pessoa vision\u00e1ria, positiva e otimista, sempre com um olhar atento ao pr\u00f3ximo e \u00e0 procura do novo. <\/span><\/p>\n<p><a href=\"https:\/\/carolinecavet.adv.br\/wp-content\/uploads\/2023\/11\/Curriculo-Profissional-Caroline-Amadori-Cavet-3.pdf\">Acesse o curr\u00edculo profissional <img decoding=\"async\" class=\"alignnone size-medium wp-image-1771\" style=\"text-align: justify;\" src=\"https:\/\/carolinecavet.adv.br\/wp-content\/uploads\/2021\/07\/curriculo-on-line-300x300.png\" alt=\"\" width=\"30\" height=\"30\" srcset=\"https:\/\/carolinecavet.adv.br\/wp-content\/uploads\/2021\/07\/curriculo-on-line-300x300.png 300w, https:\/\/carolinecavet.adv.br\/wp-content\/uploads\/2021\/07\/curriculo-on-line-150x150.png 150w, https:\/\/carolinecavet.adv.br\/wp-content\/uploads\/2021\/07\/curriculo-on-line-256x256.png 256w, https:\/\/carolinecavet.adv.br\/wp-content\/uploads\/2021\/07\/curriculo-on-line.png 512w\" sizes=\"(max-width: 30px) 100vw, 30px\" \/><\/a><\/p>\n<p><a href=\"http:\/\/lattes.cnpq.br\/7007510355683619\">Acesse o curr\u00edculo acad\u00eamico <img decoding=\"async\" class=\"alignnone wp-image-1887\" src=\"https:\/\/carolinecavet.adv.br\/wp-content\/uploads\/2021\/08\/curriculo-4-300x300.png\" alt=\"\" width=\"27\" height=\"27\" srcset=\"https:\/\/carolinecavet.adv.br\/wp-content\/uploads\/2021\/08\/curriculo-4-300x300.png 300w, https:\/\/carolinecavet.adv.br\/wp-content\/uploads\/2021\/08\/curriculo-4-150x150.png 150w, https:\/\/carolinecavet.adv.br\/wp-content\/uploads\/2021\/08\/curriculo-4-256x256.png 256w, https:\/\/carolinecavet.adv.br\/wp-content\/uploads\/2021\/08\/curriculo-4.png 512w\" sizes=\"(max-width: 27px) 100vw, 27px\" \/><\/a>[\/vc_column_text][\/vc_column][vc_column css=&#8221;.vc_custom_1628031677205{padding-top: 300px !important;padding-bottom: 300px !important;background-image: url(https:\/\/carolinecavet.adv.br\/wp-content\/uploads\/2021\/08\/DSC07720-scaled.jpg?id=1833) !important;background-position: center !important;background-repeat: no-repeat !important;background-size: cover !important;}&#8221; offset=&#8221;vc_col-lg-6 vc_col-md-12 vc_col-xs-12&#8243;]<div class=\"clearboth\"><\/div><div class=\"gem-divider \" style=\"margin-top: 50px;\"><\/div>[\/vc_column][\/vc_row][vc_row full_width=&#8221;stretch_row_content&#8221; equal_height=&#8221;yes&#8221; content_placement=&#8221;middle&#8221; disable_element=&#8221;yes&#8221; css=&#8221;.vc_custom_1697646311446{margin-top: 0px !important;margin-bottom: 0px !important;padding-top: 0px !important;padding-bottom: 0px !important;}&#8221;][vc_column css=&#8221;.vc_custom_1628031767324{padding-top: 300px !important;padding-bottom: 300px !important;background-image: url(https:\/\/carolinecavet.adv.br\/wp-content\/uploads\/2021\/08\/DSC06854-1-scaled.jpg?id=1834) !important;background-position: center !important;background-repeat: no-repeat !important;background-size: cover !important;}&#8221; offset=&#8221;vc_col-lg-6 vc_col-md-12 vc_col-xs-12&#8243;]<div class=\"clearboth\"><\/div><div class=\"gem-divider \" style=\"margin-top: 150px;\"><\/div>[\/vc_column][vc_column css=&#8221;.vc_custom_1540472569121{margin-top: 0px !important;margin-bottom: 0px !important;padding-top: 90px !important;padding-bottom: 0px !important;}&#8221; offset=&#8221;vc_col-lg-6 vc_col-md-12 vc_col-xs-12&#8243;][vc_column_text css_animation=&#8221;bottom-to-top&#8221; css=&#8221;.vc_custom_1628031807702{padding-left: 30px !important;}&#8221;]<\/p>\n<div class=\"title-h2\">INtegrante da equipe<\/div>\n<p>[\/vc_column_text][vc_column_text css_animation=&#8221;bottom-to-top&#8221; css=&#8221;.vc_custom_1639848629586{padding-left: 30px !important;}&#8221;]<strong>Mayara Medeiros Royo<\/strong><\/p>\n<p class=\"LO-normal\" style=\"margin-top: 12.0pt; text-align: justify; line-height: normal;\"><span lang=\"EN-US\">Advogada, criativa, observadora, oferece uma abordagem estrat\u00e9gica e empenha-se de forma proativa na entrega dos melhores resultados.<\/span><\/p>\n<p class=\"LO-normal\" style=\"margin-top: 12.0pt; text-align: justify; line-height: normal;\"><span lang=\"EN-US\">Formada em Direito pela Universidade Positivo (UP) e p\u00f3s-graduanda em Direito M\u00e9dico pelo Centro Universit\u00e1rio de Curitiba (UNICURITIBA).<\/span><\/p>\n<p class=\"LO-normal\" style=\"margin-top: 12.0pt; text-align: justify; line-height: normal;\"><span lang=\"EN-US\">Teve oportunidade de participar da 3\u00aa Edi\u00e7\u00e3o do Projeto Incubadora de Escrit\u00f3rio de Advocacia, desenvolvido pela UP em parceria com o Instituto Internacional de Gest\u00e3o Legal (IGL). O projeto realizou um concurso voltado para o desenvolvimento de jovens advogados para atua\u00e7\u00e3o em \u00e1reas inovadoras do Direito, com uma vis\u00e3o moderna, empreendedora, tecnol\u00f3gica e de profissionaliza\u00e7\u00e3o dos servi\u00e7os. A banca em que fez parte, foi uma das vencedoras do concurso.<\/span><\/p>\n<p class=\"LO-normal\" style=\"margin-top: 12.0pt; text-align: justify; line-height: normal;\"><span lang=\"EN-US\">Na UNICURITIBA, obteve destaque no concurso de artigos do IX Congresso Brasileiro de Direito M\u00e9dico do Conselho Federal de Medicina, conquistando a quinta coloca\u00e7\u00e3o na categoria profissionais, com seu artigo sobre &#8220;E-Health e a Prote\u00e7\u00e3o dos Dados Gen\u00e9ticos&#8221;.<\/span><\/p>\n<p class=\"LO-normal\" style=\"margin-top: 12.0pt; text-align: justify; line-height: normal;\"><span lang=\"EN-US\">Desde de 2018, participa ativamente no grupo de pesquisas em Direito M\u00e9dico e Empresas de Sa\u00fade, coordenado pelos professores Miguel Kfouri Neto e Rafaella Nogaroli. Em 2020, iniciou sua participa\u00e7\u00e3o no N\u00facleo de Pesquisa em Direito Civil-Constitucional &#8220;Virada de Cop\u00e9rnico&#8221; da Universidade Federal do Estado do Paran\u00e1 (PPGD-UFPR).<\/span><\/p>\n<p class=\"LO-normal\" style=\"margin-top: 12.0pt; text-align: justify; line-height: normal;\"><span lang=\"EN-US\">Acredita que a advocacia \u00e9 uma profiss\u00e3o desafiadora, que demanda o aperfei\u00e7oamento constante do profissional, portanto, busca desenvolver diariamente sua capacidade de aprendizado para entregar a melhor solu\u00e7\u00e3o jur\u00eddica\u00a0 personalizada para cada indiv\u00edduo ou empresa.<\/span><\/p>\n<p><a href=\"https:\/\/carolinecavet.adv.br\/wp-content\/uploads\/2021\/12\/Curri\u0301culo-Profissional-MAYARA-MEDEIROS-ROYO-6.pdf\">Acesse o curr\u00edculo completo <img decoding=\"async\" class=\"alignnone size-medium wp-image-1771\" style=\"text-align: justify;\" src=\"https:\/\/carolinecavet.adv.br\/wp-content\/uploads\/2021\/07\/curriculo-on-line-300x300.png\" alt=\"\" width=\"30\" height=\"30\" srcset=\"https:\/\/carolinecavet.adv.br\/wp-content\/uploads\/2021\/07\/curriculo-on-line-300x300.png 300w, https:\/\/carolinecavet.adv.br\/wp-content\/uploads\/2021\/07\/curriculo-on-line-150x150.png 150w, https:\/\/carolinecavet.adv.br\/wp-content\/uploads\/2021\/07\/curriculo-on-line-256x256.png 256w, https:\/\/carolinecavet.adv.br\/wp-content\/uploads\/2021\/07\/curriculo-on-line.png 512w\" sizes=\"(max-width: 30px) 100vw, 30px\" \/><\/a><\/p>\n<p><a href=\"http:\/\/lattes.cnpq.br\/6339908130063579\">Acesse o curr\u00edculo acad\u00eamico <img decoding=\"async\" class=\"alignnone wp-image-1887\" src=\"https:\/\/carolinecavet.adv.br\/wp-content\/uploads\/2021\/08\/curriculo-4-300x300.png\" alt=\"\" width=\"27\" height=\"27\" srcset=\"https:\/\/carolinecavet.adv.br\/wp-content\/uploads\/2021\/08\/curriculo-4-300x300.png 300w, https:\/\/carolinecavet.adv.br\/wp-content\/uploads\/2021\/08\/curriculo-4-150x150.png 150w, https:\/\/carolinecavet.adv.br\/wp-content\/uploads\/2021\/08\/curriculo-4-256x256.png 256w, https:\/\/carolinecavet.adv.br\/wp-content\/uploads\/2021\/08\/curriculo-4.png 512w\" sizes=\"(max-width: 27px) 100vw, 27px\" \/><\/a>[\/vc_column_text][\/vc_column][\/vc_row][vc_row disable_element=&#8221;yes&#8221;][vc_column]<div class=\"clearboth\"><\/div><div class=\"gem-divider \" style=\"\"><\/div>[\/vc_column][\/vc_row][vc_row full_width=&#8221;stretch_row&#8221; css=&#8221;.vc_custom_1698846313124{margin-top: 0px !important;margin-bottom: 0px !important;padding-top: 100px !important;padding-bottom: 130px !important;background-image: url(https:\/\/carolinecavet.adv.br\/wp-content\/uploads\/2023\/11\/DSC06474-scaled.jpg?id=2035) !important;background-position: center !important;background-repeat: no-repeat !important;background-size: cover !important;}&#8221;][vc_column][\/vc_column][vc_column width=&#8221;1\/6&#8243;][\/vc_column][vc_column width=&#8221;2\/3&#8243;][vc_column_text css_animation=&#8221;bottom-to-top&#8221;]<\/p>\n<div class=\"title-h2\" style=\"position: relative; max-width: 400px; margin: 0px auto; text-align: center;\"><span style=\"color: #212331;\">&#8220;O sucesso \u00e9 diretamente proporcional ao sentimento de (satisfa\u00e7\u00e3o Ou realiza\u00e7\u00e3o) pelo o que se faz&#8221;\u00a0<\/span><\/div>\n<p>[\/vc_column_text][\/vc_column][vc_column width=&#8221;1\/6&#8243;][\/vc_column][\/vc_row]<\/p>\n","protected":false},"excerpt":{"rendered":"<p>[vc_row full_width=&#8221;stretch_row&#8221; css=&#8221;.vc_custom_1538130488630{margin-top: 0px !important;margin-bottom: 0px !important;padding-top: 120px !important;padding-bottom: 120px !important;background-color: #f1f2f4 !important;}&#8221;][vc_column offset=&#8221;vc_col-lg-6 vc_col-md-6 vc_col-xs-12&#8243;][vc_column_text css_animation=&#8221;bottom-to-top&#8221; css=&#8221;.vc_custom_1611604461825{margin-top: 0px !important;margin-bottom:&#8230;<\/p>\n","protected":false},"author":1,"featured_media":0,"parent":0,"menu_order":0,"comment_status":"closed","ping_status":"closed","template":"","meta":{"footnotes":""},"class_list":["post-447","page","type-page","status-publish"],"_links":{"self":[{"href":"https:\/\/carolinecavet.adv.br\/index.php\/wp-json\/wp\/v2\/pages\/447"}],"collection":[{"href":"https:\/\/carolinecavet.adv.br\/index.php\/wp-json\/wp\/v2\/pages"}],"about":[{"href":"https:\/\/carolinecavet.adv.br\/index.php\/wp-json\/wp\/v2\/types\/page"}],"author":[{"embeddable":true,"href":"https:\/\/carolinecavet.adv.br\/index.php\/wp-json\/wp\/v2\/users\/1"}],"replies":[{"embeddable":true,"href":"https:\/\/carolinecavet.adv.br\/index.php\/wp-json\/wp\/v2\/comments?post=447"}],"version-history":[{"count":32,"href":"https:\/\/carolinecavet.adv.br\/index.php\/wp-json\/wp\/v2\/pages\/447\/revisions"}],"predecessor-version":[{"id":2038,"href":"https:\/\/carolinecavet.adv.br\/index.php\/wp-json\/wp\/v2\/pages\/447\/revisions\/2038"}],"wp:attachment":[{"href":"https:\/\/carolinecavet.adv.br\/index.php\/wp-json\/wp\/v2\/media?parent=447"}],"curies":[{"name":"wp","href":"https:\/\/api.w.org\/{rel}","templated":true}]}}