{"id":626,"date":"2018-10-01T17:21:41","date_gmt":"2018-10-01T14:21:41","guid":{"rendered":"http:\/\/democontent.codex-themes.com\/sites\/law-company\/about-us-2\/"},"modified":"2021-09-06T19:31:39","modified_gmt":"2021-09-06T22:31:39","slug":"atuacao","status":"publish","type":"page","link":"https:\/\/carolinecavet.adv.br\/index.php\/atuacao\/","title":{"rendered":"Atua\u00e7\u00e3o"},"content":{"rendered":"<p>[vc_row][vc_column][vc_column_text]<\/p>\n<h1 style=\"text-align: center;\"><span style=\"color: #282d3c;\">Solu\u00e7\u00f5es <span style=\"color: #c18f59;\">Jur\u00eddicas<\/span><\/span><\/h1>\n<p style=\"text-align: justify;\">Atendimento personalizado realizado por profissionais \u00e9ticos e altamente qualificados. Solu\u00e7\u00f5es jur\u00eddicas eficientes para clientes e parceiros. Consultoria para implementa\u00e7\u00e3o e adequa\u00e7\u00e3o das empresas e de seus neg\u00f3cios jur\u00eddicos aos princ\u00edpios e objetivos do Pacto Global da Organiza\u00e7\u00e3o das Na\u00e7\u00f5es Unidas (ODS-ONU), que visa uma economia global mais sustent\u00e1vel e inclusiva.<\/p>\n<p>\u00a0[\/vc_column_text]<div class=\"clearboth\"><\/div><div class=\"gem-divider \" style=\"margin-top: -60px;\"><\/div><div class=\"quickfinder quickfinder-style-classic quickfinder-binded row inline-row quickfinder-icon-position-top-float quickfinder-alignment-left quickfinder-title-thin\"><div id=\"post-1700\" data-ll-finish-delay=\"200\" class=\"quickfinder-item inline-column col-md-3 col-xs-6 quickfinder-item-effect-border-reverse icon-size-small quickfinder-box-style-soft-outlined lazy-loading post-1700 thegem_qf_item type-thegem_qf_item status-publish\"> <div class=\"quickfinder-item-box\" style=\"\"> <div class=\"quickfinder-item-table\">\t<div class=\"quickfinder-item-inner\"> <div class=\"quickfinder-item-image\"> <div class=\"quickfinder-item-image-content lazy-loading-item\" data-ll-item-delay=\"0\" data-ll-effect=\"clip\"> <div class=\"quickfinder-item-image-wrapper\"> <div class=\"gem-icon gem-icon-pack-material gem-icon-size-small gem-icon-shape-circle\" style=\"border-color: #dfe5e8;opacity: 1;\"><div class=\"gem-icon-inner\" style=\"\"><span class=\"gem-icon-half-1\" style=\"color: #46485c;\"><span class=\"back-angle\">&#xf2d2;<\/span><\/span><span class=\"gem-icon-half-2\" style=\"color: #46485c;\"><span class=\"back-angle\">&#xf2d2;<\/span><\/span><\/div><\/div> <\/div> <\/div> <\/div> <div class=\"quickfinder-item-info-wrapper\"> <div class=\"quickfinder-item-info lazy-loading-item\" data-ll-item-delay=\"200\" data-ll-effect=\"fading\"> <div class=\"quickfinder-item-title\" >C\u00cdVEL E CONTRATUAL<\/div> <\/div> <\/div> <\/div> <\/div>\t<\/div> <a href=\"https:\/\/carolinecavet.adv.br\/index.php\/pf\/civel-e-contratual\/\" target=\"_self\" class=\"quickfinder-item-link\"><\/a> <\/div> <div id=\"post-1701\" data-ll-finish-delay=\"200\" class=\"quickfinder-item inline-column col-md-3 col-xs-6 quickfinder-item-effect-border-reverse icon-size-small quickfinder-box-style-soft-outlined lazy-loading post-1701 thegem_qf_item type-thegem_qf_item status-publish\"> <div class=\"quickfinder-item-box\" style=\"\"> <div class=\"quickfinder-item-table\">\t<div class=\"quickfinder-item-inner\"> <div class=\"quickfinder-item-image\"> <div class=\"quickfinder-item-image-content lazy-loading-item\" data-ll-item-delay=\"0\" data-ll-effect=\"clip\"> <div class=\"quickfinder-item-image-wrapper\"> <div class=\"gem-icon gem-icon-pack-material gem-icon-size-small gem-icon-shape-circle\" style=\"border-color: #dfe5e8;opacity: 1;\"><div class=\"gem-icon-inner\" style=\"\"><span class=\"gem-icon-half-1\" style=\"color: #46485c;\"><span class=\"back-angle\">&#xf51f;<\/span><\/span><span class=\"gem-icon-half-2\" style=\"color: #46485c;\"><span class=\"back-angle\">&#xf51f;<\/span><\/span><\/div><\/div> <\/div> <\/div> <\/div> <div class=\"quickfinder-item-info-wrapper\"> <div class=\"quickfinder-item-info lazy-loading-item\" data-ll-item-delay=\"200\" data-ll-effect=\"fading\"> <div class=\"quickfinder-item-title\" >EMPRESARIAL<\/div> <\/div> <\/div> <\/div> <\/div>\t<\/div> <a href=\"https:\/\/carolinecavet.adv.br\/index.php\/pf\/empresarial\/\" target=\"_self\" class=\"quickfinder-item-link\"><\/a> <\/div> <div id=\"post-1702\" data-ll-finish-delay=\"200\" class=\"quickfinder-item inline-column col-md-3 col-xs-6 quickfinder-item-effect-border-reverse icon-size-small quickfinder-box-style-soft-outlined lazy-loading post-1702 thegem_qf_item type-thegem_qf_item status-publish\"> <div class=\"quickfinder-item-box\" style=\"\"> <div class=\"quickfinder-item-table\">\t<div class=\"quickfinder-item-inner\"> <div class=\"quickfinder-item-image\"> <div class=\"quickfinder-item-image-content lazy-loading-item\" data-ll-item-delay=\"0\" data-ll-effect=\"clip\"> <div class=\"quickfinder-item-image-wrapper\"> <div class=\"gem-icon gem-icon-pack-material gem-icon-size-small gem-icon-shape-circle\" style=\"border-color: #dfe5e8;opacity: 1;\"><div class=\"gem-icon-inner\" style=\"\"><span class=\"gem-icon-half-1\" style=\"color: #46485c;\"><span class=\"back-angle\">&#xf387;<\/span><\/span><span class=\"gem-icon-half-2\" style=\"color: #46485c;\"><span class=\"back-angle\">&#xf387;<\/span><\/span><\/div><\/div> <\/div> <\/div> <\/div> <div class=\"quickfinder-item-info-wrapper\"> <div class=\"quickfinder-item-info lazy-loading-item\" data-ll-item-delay=\"200\" data-ll-effect=\"fading\"> <div class=\"quickfinder-item-title\" >SA\u00daDE M\u00c9DICO-HOSPITALAR<\/div> <\/div> <\/div> <\/div> <\/div>\t<\/div> <a href=\"https:\/\/carolinecavet.adv.br\/index.php\/pf\/medico-e-da-saude\/\" target=\"_self\" class=\"quickfinder-item-link\"><\/a> <\/div> <div id=\"post-1703\" data-ll-finish-delay=\"200\" class=\"quickfinder-item inline-column col-md-3 col-xs-6 quickfinder-item-effect-border-reverse icon-size-small quickfinder-box-style-soft-outlined lazy-loading post-1703 thegem_qf_item type-thegem_qf_item status-publish\"> <div class=\"quickfinder-item-box\" style=\"\"> <div class=\"quickfinder-item-table\">\t<div class=\"quickfinder-item-inner\"> <div class=\"quickfinder-item-image\"> <div class=\"quickfinder-item-image-content lazy-loading-item\" data-ll-item-delay=\"0\" data-ll-effect=\"clip\"> <div class=\"quickfinder-item-image-wrapper\"> <div class=\"gem-icon gem-icon-pack-material gem-icon-size-small gem-icon-shape-circle\" style=\"border-color: #dfe5e8;opacity: 1;\"><div class=\"gem-icon-inner\" style=\"\"><span class=\"gem-icon-half-1\" style=\"color: #46485c;\"><span class=\"back-angle\">&#xf502;<\/span><\/span><span class=\"gem-icon-half-2\" style=\"color: #46485c;\"><span class=\"back-angle\">&#xf502;<\/span><\/span><\/div><\/div> <\/div> <\/div> <\/div> <div class=\"quickfinder-item-info-wrapper\"> <div class=\"quickfinder-item-info lazy-loading-item\" data-ll-item-delay=\"200\" data-ll-effect=\"fading\"> <div class=\"quickfinder-item-title\" >DIGITAL E TECNOLOGIAS<\/div> <\/div> <\/div> <\/div> <\/div>\t<\/div> <a href=\"https:\/\/carolinecavet.adv.br\/index.php\/pf\/digital-e-tecnologias\/\" target=\"_self\" class=\"quickfinder-item-link\"><\/a> <\/div> <\/div><div class=\"clearboth\"><\/div><div class=\"gem-divider \" style=\"margin-top: -149px;\"><\/div><div class=\"quickfinder quickfinder-style-classic quickfinder-binded row inline-row quickfinder-icon-position-top-float quickfinder-alignment-left quickfinder-title-thin\"><div id=\"post-1704\" data-ll-finish-delay=\"200\" class=\"quickfinder-item inline-column col-md-3 col-xs-6 quickfinder-item-effect-border-reverse icon-size-small quickfinder-box-style-soft-outlined lazy-loading post-1704 thegem_qf_item type-thegem_qf_item status-publish\"> <div class=\"quickfinder-item-box\" style=\"\"> <div class=\"quickfinder-item-table\">\t<div class=\"quickfinder-item-inner\"> <div class=\"quickfinder-item-image\"> <div class=\"quickfinder-item-image-content lazy-loading-item\" data-ll-item-delay=\"0\" data-ll-effect=\"clip\"> <div class=\"quickfinder-item-image-wrapper\"> <div class=\"gem-icon gem-icon-pack-material gem-icon-size-small gem-icon-shape-circle\" style=\"border-color: #dfe5e8;opacity: 1;\"><div class=\"gem-icon-inner\" style=\"\"><span class=\"gem-icon-half-1\" style=\"color: #46485c;\"><span class=\"back-angle\">&#xf2a6;<\/span><\/span><span class=\"gem-icon-half-2\" style=\"color: #46485c;\"><span class=\"back-angle\">&#xf2a6;<\/span><\/span><\/div><\/div> <\/div> <\/div> <\/div> <div class=\"quickfinder-item-info-wrapper\"> <div class=\"quickfinder-item-info lazy-loading-item\" data-ll-item-delay=\"200\" data-ll-effect=\"fading\"> <div class=\"quickfinder-item-title\" >AMBIENTAL<\/div> <\/div> <\/div> <\/div> <\/div>\t<\/div> <a href=\"https:\/\/carolinecavet.adv.br\/index.php\/pf\/ambiental\/\" target=\"_self\" class=\"quickfinder-item-link\"><\/a> <\/div> <div id=\"post-1705\" data-ll-finish-delay=\"200\" class=\"quickfinder-item inline-column col-md-3 col-xs-6 quickfinder-item-effect-border-reverse icon-size-small quickfinder-box-style-soft-outlined lazy-loading post-1705 thegem_qf_item type-thegem_qf_item status-publish\"> <div class=\"quickfinder-item-box\" style=\"\"> <div class=\"quickfinder-item-table\">\t<div class=\"quickfinder-item-inner\"> <div class=\"quickfinder-item-image\"> <div class=\"quickfinder-item-image-content lazy-loading-item\" data-ll-item-delay=\"0\" data-ll-effect=\"clip\"> <div class=\"quickfinder-item-image-wrapper\"> <div class=\"gem-icon gem-icon-pack-material gem-icon-size-small gem-icon-shape-circle\" style=\"border-color: #dfe5e8;opacity: 1;\"><div class=\"gem-icon-inner\" style=\"\"><span class=\"gem-icon-half-1\" style=\"color: #46485c;\"><span class=\"back-angle\">&#xf382;<\/span><\/span><span class=\"gem-icon-half-2\" style=\"color: #46485c;\"><span class=\"back-angle\">&#xf382;<\/span><\/span><\/div><\/div> <\/div> <\/div> <\/div> <div class=\"quickfinder-item-info-wrapper\"> <div class=\"quickfinder-item-info lazy-loading-item\" data-ll-item-delay=\"200\" data-ll-effect=\"fading\"> <div class=\"quickfinder-item-title\" >FAM\u00cdLIA<\/div> <\/div> <\/div> <\/div> <\/div>\t<\/div> <a href=\"https:\/\/carolinecavet.adv.br\/index.php\/pf\/familia\/\" target=\"_self\" class=\"quickfinder-item-link\"><\/a> <\/div> <div id=\"post-1706\" data-ll-finish-delay=\"200\" class=\"quickfinder-item inline-column col-md-3 col-xs-6 quickfinder-item-effect-border-reverse icon-size-small quickfinder-box-style-soft-outlined lazy-loading post-1706 thegem_qf_item type-thegem_qf_item status-publish\"> <div class=\"quickfinder-item-box\" style=\"\"> <div class=\"quickfinder-item-table\">\t<div class=\"quickfinder-item-inner\"> <div class=\"quickfinder-item-image\"> <div class=\"quickfinder-item-image-content lazy-loading-item\" data-ll-item-delay=\"0\" data-ll-effect=\"clip\"> <div class=\"quickfinder-item-image-wrapper\"> <div class=\"gem-icon gem-icon-pack-material gem-icon-size-small gem-icon-shape-circle\" style=\"border-color: #dfe5e8;opacity: 1;\"><div class=\"gem-icon-inner\" style=\"\"><span class=\"gem-icon-half-1\" style=\"color: #46485c;\"><span class=\"back-angle\">&#xf1fc;<\/span><\/span><span class=\"gem-icon-half-2\" style=\"color: #46485c;\"><span class=\"back-angle\">&#xf1fc;<\/span><\/span><\/div><\/div> <\/div> <\/div> <\/div> <div class=\"quickfinder-item-info-wrapper\"> <div class=\"quickfinder-item-info lazy-loading-item\" data-ll-item-delay=\"200\" data-ll-effect=\"fading\"> <div class=\"quickfinder-item-title\" >ELEITORAL<\/div> <\/div> <\/div> <\/div> <\/div>\t<\/div> <a href=\"https:\/\/carolinecavet.adv.br\/index.php\/pf\/eleitoral\/\" target=\"_self\" class=\"quickfinder-item-link\"><\/a> <\/div> <div id=\"post-1707\" data-ll-finish-delay=\"200\" class=\"quickfinder-item inline-column col-md-3 col-xs-6 quickfinder-item-effect-border-reverse icon-size-small quickfinder-box-style-soft-outlined lazy-loading post-1707 thegem_qf_item type-thegem_qf_item status-publish\"> <div class=\"quickfinder-item-box\" style=\"\"> <div class=\"quickfinder-item-table\">\t<div class=\"quickfinder-item-inner\"> <div class=\"quickfinder-item-image\"> <div class=\"quickfinder-item-image-content lazy-loading-item\" data-ll-item-delay=\"0\" data-ll-effect=\"clip\"> <div class=\"quickfinder-item-image-wrapper\"> <div class=\"gem-icon gem-icon-pack-material gem-icon-size-small gem-icon-shape-circle\" style=\"border-color: #dfe5e8;opacity: 1;\"><div class=\"gem-icon-inner\" style=\"\"><span class=\"gem-icon-half-1\" style=\"color: #46485c;\"><span class=\"back-angle\">&#xf159;<\/span><\/span><span class=\"gem-icon-half-2\" style=\"color: #46485c;\"><span class=\"back-angle\">&#xf159;<\/span><\/span><\/div><\/div> <\/div> <\/div> <\/div> <div class=\"quickfinder-item-info-wrapper\"> <div class=\"quickfinder-item-info lazy-loading-item\" data-ll-item-delay=\"200\" data-ll-effect=\"fading\"> <div class=\"quickfinder-item-title\" >ADVOCACIA EM 2\u00aa INST\u00c2NCIA<\/div> <\/div> <\/div> <\/div> <\/div>\t<\/div> <a href=\"https:\/\/carolinecavet.adv.br\/index.php\/pf\/processual-civil\/%20\" target=\"_self\" class=\"quickfinder-item-link\"><\/a> <\/div> <\/div>\n","protected":false},"excerpt":{"rendered":"<p>[vc_row][vc_column][vc_column_text] Solu\u00e7\u00f5es Jur\u00eddicas Atendimento personalizado realizado por profissionais \u00e9ticos e altamente qualificados. Solu\u00e7\u00f5es jur\u00eddicas eficientes para clientes e parceiros. Consultoria&#8230;<\/p>\n","protected":false},"author":1,"featured_media":0,"parent":0,"menu_order":0,"comment_status":"closed","ping_status":"closed","template":"","meta":{"footnotes":""},"class_list":["post-626","page","type-page","status-publish"],"_links":{"self":[{"href":"https:\/\/carolinecavet.adv.br\/index.php\/wp-json\/wp\/v2\/pages\/626"}],"collection":[{"href":"https:\/\/carolinecavet.adv.br\/index.php\/wp-json\/wp\/v2\/pages"}],"about":[{"href":"https:\/\/carolinecavet.adv.br\/index.php\/wp-json\/wp\/v2\/types\/page"}],"author":[{"embeddable":true,"href":"https:\/\/carolinecavet.adv.br\/index.php\/wp-json\/wp\/v2\/users\/1"}],"replies":[{"embeddable":true,"href":"https:\/\/carolinecavet.adv.br\/index.php\/wp-json\/wp\/v2\/comments?post=626"}],"version-history":[{"count":6,"href":"https:\/\/carolinecavet.adv.br\/index.php\/wp-json\/wp\/v2\/pages\/626\/revisions"}],"predecessor-version":[{"id":1966,"href":"https:\/\/carolinecavet.adv.br\/index.php\/wp-json\/wp\/v2\/pages\/626\/revisions\/1966"}],"wp:attachment":[{"href":"https:\/\/carolinecavet.adv.br\/index.php\/wp-json\/wp\/v2\/media?parent=626"}],"curies":[{"name":"wp","href":"https:\/\/api.w.org\/{rel}","templated":true}]}}